{"id":263,"date":"2014-10-04T09:37:07","date_gmt":"2014-10-04T09:37:07","guid":{"rendered":"http:\/\/ohrenpropaganda.de\/wp\/?page_id=263"},"modified":"2014-10-04T09:37:07","modified_gmt":"2014-10-04T09:37:07","slug":"ebermann","status":"publish","type":"page","link":"http:\/\/ohrenpropaganda.de\/wp\/ebermann\/","title":{"rendered":"Ebermann"},"content":{"rendered":"<div class=\"artist_profile_title\"><strong>Der eindimensionale Mensch wird 50 &#8211; Ein Konzert-Theater<\/strong><\/div>\n<div class=\"artist_profile_title\"><\/div>\n<div class=\"artist_profile_title\"><a href=\"http:\/\/ohrenpropaganda.de\/wp\/wp-content\/uploads\/2014\/10\/DereindimensionaleMensch-ohne-Text_klein.preview-1-1.jpeg\"><img loading=\"lazy\" decoding=\"async\" class=\"alignleft size-full wp-image-267\" src=\"http:\/\/ohrenpropaganda.de\/wp\/wp-content\/uploads\/2014\/10\/DereindimensionaleMensch-ohne-Text_klein.preview-1-1.jpeg\" alt=\"DereindimensionaleMensch-ohne Text_klein.preview\" width=\"330\" height=\"465\" \/><\/a>Vor 50 Jahren herrschte Ruhe &#8211; dann, wie man wei\u00df, brach einiges los: Rebellion in Paris, Zerw\u00fcrfnis mit der Staatspolitik in den U.S.A., wilde Streiks in Turin, Unbotm\u00e4\u00dfigkeiten (fast) \u00fcberall. Nicht hervorgerufen, aber doch beeinflusst vom &#8222;Philosophen der Neuen Linken&#8220;, wurde das herrschende System, wenn nicht bedroht, so doch herausgefordert. Eine &#8222;Kraft der Negation&#8220;, deren Verfallsdatum man kennt, entstand. Sie wollte mehr als das dankbar-bescheidene &#8222;IMMERHIN&#8220;.<\/div>\n<div class=\"artist_sidebox\">\n<div class=\"artist_profile_picture\">\n<div class=\"all-attached-images\">\n<div class=\"image-attach-body image-attach-node-1149\">\n<div class=\"artist_profile_text\">\n<p>Herbert Marcuses Portr\u00e4t des &#8222;Eindimensionalen Menschen&#8220; , der bis heute die Mehrheit in allen Industriel\u00e4ndern stellt und sich immer treu zu bleiben scheint, analysierte und \u00e4tzte gegen die &#8222;H\u00f6lle der Gesellschaft im \u00dcberfluss&#8220;. Dem Deal aus wachsendem Konsum und Unfreiheit.<\/p>\n<p><iframe loading=\"lazy\" src=\"\/\/www.youtube.com\/embed\/z38oeJGyTbQ\" width=\"425\" height=\"350\"><\/iframe><\/p>\n<table style=\"height: 638px;\" width=\"300\">\n<tbody>\n<tr>\n<td>\n<div class=\"artist_tourdaten\">\n<div class=\"view view-Tourdaten-artist-profile view-id-Tourdaten_artist_profile view-display-id-block_1 view-dom-id-4\">\n<div class=\"view-header\">\n<div class=\"sidebox_header\">Tourdaten:<\/div>\n<\/div>\n<div class=\"view-content\">\n<div class=\"views-row views-row-1 views-row-odd views-row-first views-row-last\">\n<div class=\"views-field-body\">\n<div class=\"field-content\">\n<p>09.10.2014\u00a0 A-Graz, Steirischer Herbst<br \/>\n10.10.2014\u00a0 A-Graz, Steirischer Herbst<\/p>\n<p>15.10.2014\u00a0 A-Wien, WUK<br \/>\n16.10.2014\u00a0 A-Wien, WUK<br \/>\n18.10.2014\u00a0 CH-St. Gallen, Palace<br \/>\n19.10.2014\u00a0 Heidelberg, Karlstorbahnhof (Enjoy Jazz)<br \/>\n21.10.2014\u00a0 Frankfurt, Mousonturm<br \/>\n23.10.2014\u00a0 Hamburg, Polittb\u00fcro<br \/>\n24.10.2014\u00a0 Hamburg, Polittb\u00fcro<br \/>\n25.10.2014\u00a0 Hamburg, Polittb\u00fcro<\/p>\n<p>29.10.2014\u00a0 Berlin, Admiralspalast (Studio) <a href=\"http:\/\/www.ticketmaster.de\/event\/der-eindimensionale-mensch-wird-50-Tickets\/100505\" target=\"_blank\" rel=\"noopener\">Tickets<\/a><br \/>\n30.10.2014\u00a0 Berlin, Admiralspalast (Studio) <a href=\"http:\/\/www.ticketmaster.de\/event\/der-eindimensionale-mensch-wird-50-Tickets\/100511\" target=\"_blank\" rel=\"noopener\">Tickets<\/a><br \/>\n31.10.2014\u00a0 Bremen, Schwankhalle <a href=\"https:\/\/www.nordwest-ticket-server.de\/online\/index.php3?shopid=186&amp;language=1&amp;gotoevent=18915\" target=\"_blank\" rel=\"noopener\">Tickets<\/a><\/p>\n<p>13.11.2014\u00a0 Leipzig, Conne Island<br \/>\n14.11.2014\u00a0 Potsdam, Spartacus<br \/>\n15.11.2014\u00a0 Postdam, Spartacus<\/p>\n<p>26.03.2015\u00a0 Reutlingen, franz.k<br \/>\n27.03.2015<br \/>\n28.03.2015\u00a0 Geislingen, R\u00e4tschenm\u00fchle<\/p>\n<\/div>\n<\/div>\n<\/div>\n<\/div>\n<\/div>\n<\/div>\n<\/td>\n<\/tr>\n<\/tbody>\n<\/table>\n<p>Was machte und macht sein &#8222;gl\u00fcckliches Bewusstsein&#8220; aus? Wie gehen Informiertheit und Verbl\u00f6dung Hand in Hand? Wie hat das Sich-Einf\u00fcgen \u00fcber das Denken, das mit Kritik erst beginnt, turmhoch gesiegt? Keine dieser Fragen ist veraltet &#8211; die &#8222;Gro\u00dfe Weigerung&#8220; bleibt so notwendig, wie sie wenige Anh\u00e4nger hat.<\/p>\n<p>Kompositionen, mit denen drei Musiker aus der Eindimensionalit\u00e4t dessen ausbrechen, was sie mit ihren Formationen sonst so pflegen, lehnen sich an den Kritischen Theoretiker an. Nat\u00fcrlich &#8211; schon weil die Revolte damals sich anti-autorit\u00e4r nannte &#8211; wird er auf der B\u00fchne kritisiert, wo er im Irrtum war. Der &#8222;ALTE&#8220; kommt auch selbst zu Wort, wird rezitiert oder quatscht (von woher genau auch immer) dazwischen. Das &#8222;Team Marcuse&#8220; leidet schlie\u00dflich auch an manchem &#8222;falschen Bed\u00fcrfnis&#8220;.<\/p>\n<p>Versprochen wird ein Abend, der unakademisch ist &#8211; und dennoch nicht dem &#8222;gesunden\u00a0 Menschenverstand&#8220; huldigt.<\/p>\n<p>Eine facettenreiche Geburtstagsfeier f\u00fcr eine trostlose Gestalt, die sich auch noch treu geblieben ist, seit Herbert Marcuse ihr gl\u00fcckliches Bewusstsein und ihre versklavte Zufriedenheit erforschte.<\/p>\n<\/div>\n<\/div>\n<\/div>\n<\/div>\n<div class=\"artist_zusatzinfos\">1964 tat es beim Zahnarzt mehr weh als heute, und f\u00fcr eine schnelle \u00dcbermittlung von Nachrichten verschickte man Telegramme. Technologisch geht&#8217;s seitdem voran, aber das Denken, das mit der Kritik der Verh\u00e4ltnisse erst beginnt, ist verdr\u00e4ngt vom Funktionieren im Bestehenden. Informiertheit und Verbl\u00f6dung sind verschwistert.<\/div>\n<div class=\"artist_zusatzinfos\"><\/div>\n<div class=\"artist_zusatzinfos\">Als Herbert Marcuse, einer der Denker der \u00bbKritischen Theorie\u00ab, diese Zusammenh\u00e4nge zu entschl\u00fcsseln versuchte, inspirierte er damit gro\u00dfe Teile der \u00bbRebellion von \u201968\u00ab.Was er \u00e4tzend als \u00bbH\u00f6lle der Gesellschaft im \u00dcberflu\u00df\u00ab benannte \u2013 das damalige Wirtschaftswunder mit reguliertem Arbeitsmarkt und wachsendem Konsum \u2013 ist heute der Himmel vieler Progressiver. An diesem Abend wird er erforscht mit Songs, die auf Passagen aus dem \u00bbEindimensionalen Menschen\u00ab basieren.<\/div>\n<div class=\"artist_zusatzinfos\"><\/div>\n<div class=\"artist_zusatzinfos\">Au\u00dferdem wird \u2013 unakademisch, aber auf den ber\u00fcchtigten \u00bbgesunden Menschenverstand\u00ab verzichtend \u2013 rezitiert, dialogisiert und gestritten, ob und warum der Philosoph sich irrte. Da das Ensemble weder ein Lehrst\u00fcck plant noch den Lehrer spielen will, zieht es sich zwar nicht vor aller Augen aus, verheimlicht aber nicht, dass sich auch in seinen Mitgliedern manch Eindimensionalit\u00e4t festgesetzt hat. Man soll ja, lehrte der Systemkritiker, misstrauisch gegen\u00fcber seinen Bed\u00fcrfnissen sein. Entgegen landl\u00e4ufiger Meinung stammen sie nicht aus dem \u00bbtiefsten Innersten\u00ab und zeugen auch nicht von Authentizit\u00e4t \u2026<\/div>\n<div class=\"artist_zusatzinfos\"><\/div>\n<div class=\"artist_zusatzinfos\"><strong>Eine Koproduktion mit dem steierischen herbst festival, Graz, und dem Polittb\u00fcro, Hamburg. Mit freundlicher Unterst\u00fctzung vom Musicboard Berlin.<br \/>\n<\/strong>(Lange Version unten)* * *<strong>THOMAS EBERMANN<br \/>\n<\/strong>Buch und B\u00fchnenautor, Podiumsdiskutant und Vortragsreisender, Regisseur und minderbegabter Schauspieler, Intellektueller ohne Abitur, f\u00fchlt sich geehrt, wenn man ihn den \u00bbletzten Querulanten\u00ab nennt und beleidigt, wenn man ihn als \u00bbQuerdenker\u00ab diffamiert.<strong>KRISTOF SCHREUF<br \/>\n<\/strong>Musiker, Schreibtischt\u00e4ter und S\u00e4nger, war mal Frontmann von \u00bbKolossale Jugend\u00ab und galt damals als Klassenbester der \u00bbHamburger (Vor-)Schule\u00ab, mangelnde Strebsamkeit warf ihn zur\u00fcck; f\u00fcr \u00bbBourgeois with Guitar\u00ab von der Kritik so hoch gelobt, wie in den Charts tief gefallen.<strong>ANDREAS SPECHTL<br \/>\n<\/strong>Musiker, Texter und S\u00e4nger der Band \u00bbJa, Panik\u00ab, hat sich aus dem Burgenland in die Provinz zur\u00fcckgezogen und wird von Berliner Ur-Einwohnern \u2013 die Fremde sonst nicht m\u00f6gen \u2013 einigerma\u00dfen akzeptiert, denn: \u00bbSo z\u00e4rtlich hat schon lange niemand mehr gegen den Staat gewettert\u00ab, wie Andreas auf dem j\u00fcngsten Album, f\u00fcr das er bestimmt wieder f\u00fcr den \u00bbAmadeus Award\u00ab nominiert wird, damit ein anderer ihn bekommt.<\/p>\n<p><strong>ROBERT STADLOBER<br \/>\n<\/strong>Schauspieler, Musiker und S\u00e4nger der Band \u00bbGary\u00ab. Wirkt in seinen Filmen \u2013 \u00bbSonnenallee\u00ab, \u00bbCrazy\u00ab, \u00bbKottan ermittelt\u00ab, \u00bbZ\u00e4rtliche Parasiten\u00ab \u2013 oft viel sympathischer, als er in privater Atmosph\u00e4re, also in Talkshows, ist. Obwohl er sich stets vornimmt, genregerecht belanglos zu plaudern, rutscht ihm immer wieder ein kluges Argument raus, womit er naturgem\u00e4\u00df den ber\u00fchmten deutschen Volkszorn provoziert.<\/p>\n<p><strong>ASTRID NOVENTA<br \/>\n<\/strong>B\u00fchne und Kost\u00fcm<\/p>\n<p><strong>MIRIAM SCHMIDT<br \/>\n<\/strong>Dramaturgie<\/p>\n<p>* * *<\/p>\n<p>Langfassung: Der Titel bezieht sich darauf, dass Herbert Marcuses gro\u00dfe systemkritische Schrift (\u00bbDer eindimensionale Mensch\u00ab) 1964, also vor 50 Jahren, (zun\u00e4chst in den USA) ver\u00f6ffentlicht wurde. Ganz besonders durch dieses Werk wurde Marcuse zum vielleicht wichtigsten Inspirator der \u00bbRebellen von 68\u00ab. Zu einer Autorit\u00e4t f\u00fcr die Antiautorit\u00e4ren, denen er sich verbunden f\u00fchlte.<\/p>\n<p>Nichts liegt dem Team allerdings ferner, als einen Erinnerungsabend an eine irgendwie geartete \u00bbgute alte Zeit\u00ab zu veranstalte, nach der Art dieser trostlosen Fernsehdokumentationen zur Geschichte, in denen alt gewordene \u00bbZeitzeugen\u00ab, denen die Anpassung aus jeder Pore stinkt, Enkeln und Kindern und ihrer Generation erz\u00e4hlen d\u00fcrfen, dass sie in jungen Jahren mal ganz sch\u00f6n wild gewesen sind.<\/p>\n<p>Das Team glaubt n\u00e4mlich, dass Herbert Marcuse f\u00fcr viele heute gr\u00f6\u00dfte Relevanz besitzt. Mehr noch: seine fundamentale Kritik kann erhellen, wie weit \u2013 leider! \u2013 sich das, was heute als links\/progressiv\/b\u00fcrgerbewegt gilt, von einer substanziellen Kritik des Bestehenden entfernt hat.<\/p>\n<p>Vielleicht ist es ja ganz gut, dass Marcuse seine Schrift zur Zeit des Wirtschaftswunders \u2013 also zur Zeit regulierter Arbeiterverh\u00e4ltnisse und wachsender M\u00f6glichkeiten des Konsums \u2013 verfasst hat. Es sind Zeiten, denen heutige Sehns\u00fcchte gelten, w\u00e4hrend Marcuse f\u00fcr sie den Begriff der \u00bbH\u00f6lle der Gesellschaft im \u00dcberfluss\u00ab fand.<\/p>\n<p>KEINE ANGST!<br \/>\nEs wird kein akademischer Abend, bei dem Kenntnis der Kritischen Theorie Voraussetzung ist, um auf seine Kosten zu kommen. (Daf\u00fcr gibt es Seminare und Symposien, die wertvoll sind.)<br \/>\nEs wird auch nicht \u00bbAgitprop\u00ab und auch kein Lehrst\u00fcck.<\/p>\n<p>AUCH NICHT ZU BEF\u00dcRCHTEN IST,<br \/>\ndass die Musik nur der Untermalung der Texte gilt. Damit haben wirklich schon genug \u00bbLiedermacher\u00ab rumgemurkst.<\/p>\n<p>ALSO WAS?<br \/>\nGearbeitet wird an einigen Songs, die sich an Themen und Thesen Herbert Marcuses anlehnen, sie entschl\u00fcsseln, auf heutige Gegebenheiten \u00fcbertragen, auch mal mit direkten Zitaten spielen, manchmal ist der Bezug auch nur sehr indirekt und also versteckt.<br \/>\nDar\u00fcberhinaus zerbricht sich das Team den Kopf, welche Passagen rezitierbar sein k\u00f6nnten, ohne den Anspruch seiner \u00bbEntakademisierung\u00ab zu verletzen. Zum Gl\u00fcck hat Marcuse einen wunderbaren Hang zum beispielhaften Erz\u00e4hlen, zur Episode. Und in seinem ber\u00fchmten Vortrag im \u00fcberf\u00fcllten Audimax der FU (mit dem Titel \u00bbDas Ende der Utopie\u00ab!!) findet sich was\u2026<br \/>\nManchmal k\u00f6nnte es auch passieren, dass die Typen auf der B\u00fchne ins Dialogisieren geraten. Inszenierte Disharmonie halt.<br \/>\nMit einiger Sicherheit spricht dann der alte Marcuse von der Leinwand \u00bbdas kl\u00e4rende Wort\u00ab. Nein, das nicht, aber es gibt wirklich ein paar sch\u00f6ne Aufnahmen mit ihm&#8230;<\/p>\n<p><em>\u00bbIndem die gro\u00dfen Worte \u00fcber Freiheit und Erf\u00fcllung von F\u00fchrern und Politikern bei Wahlkampagnen verk\u00fcndet werden, in den Kinos, im Radio und Fernsehen, verkehren sie sich in sinnlose Laute, die nur im Zusammenhang mit Propaganda, Gesch\u00e4ft, Disziplin und Zerstreuung einen Sinn erhalten \u2026 Die Institutionen der Rede- und Denkfreiheit behindern die Gleichschaltung mit der etablierten Wirklichkeit nicht.\u00ab<br \/>\n\u00bbNiemand denkt wirklich, der nicht von dem abstrahiert, was gegeben ist, der nicht die Fakten auf die Faktoren bezieht, die sie hervorgebracht haben \u2026\u00ab<br \/>\n\u00bbUm ein (leider phantastisches) Beispiel zu w\u00e4hlen: die blo\u00dfe Abwesenheit aller Reklame und aller schulenden Informations- und Unterhaltungsmedien w\u00fcrde das Individuum in eine traumatische Leere st\u00fcrzen, in der es die Chance h\u00e4tte, sich zu wundern, nachzudenken, sich (oder vielmehr seine Negativit\u00e4t) und seine Gesellschaft zu erkennen.\u00ab<\/em><br \/>\n(Zitate aus Marcuse, \u201eDer eindimensionale Mensch\u201c)<\/p>\n<p>Versichert wird, dass kein Mitglied des Ensembles auch nur die klitzekleinste \u00c4hnlichkeit mit dem Jubilar hat \u2013 und garantiert werden kann, dass schon der Erwerb einer Eintrittskarte zu mehrdimensionaler Gef\u00fchlswelt, Immunit\u00e4t gegen Manipulation und kritischem Bewusstsein f\u00fchrt.<\/p>\n<p>(Die K\u00fcnstler der Produktion danken Peter Marcuse und Peter-Erwin Jansen f\u00fcr die \u00dcberlassung der Verwertungsrechte der von ihnen verwendeten Textausz\u00fcge aus dem Werk von Herbert Marcuse \u00bbDer eindimensionale Mensch\u00ab. Die Nutzungsrechte beziehen sich auf die von P.-E. Jansen herausgegebene Neuauflage des Werkes aus dem zu Klampen Verlag, Springe.)<\/p>\n<\/div>\n<\/div>\n","protected":false},"excerpt":{"rendered":"<p>Der eindimensionale Mensch wird 50 &#8211; Ein Konzert-Theater Vor 50 Jahren herrschte Ruhe &#8211; dann, wie man wei\u00df, brach einiges los: Rebellion in Paris, Zerw\u00fcrfnis mit der Staatspolitik in den U.S.A., wilde Streiks in Turin, Unbotm\u00e4\u00dfigkeiten (fast) \u00fcberall. Nicht hervorgerufen, &hellip; <a href=\"http:\/\/ohrenpropaganda.de\/wp\/ebermann\/\">Weiterlesen <span class=\"meta-nav\">&rarr;<\/span><\/a><\/p>\n","protected":false},"author":1,"featured_media":0,"parent":0,"menu_order":0,"comment_status":"open","ping_status":"closed","template":"","meta":{"footnotes":""},"class_list":["post-263","page","type-page","status-publish","hentry"],"_links":{"self":[{"href":"http:\/\/ohrenpropaganda.de\/wp\/wp-json\/wp\/v2\/pages\/263","targetHints":{"allow":["GET"]}}],"collection":[{"href":"http:\/\/ohrenpropaganda.de\/wp\/wp-json\/wp\/v2\/pages"}],"about":[{"href":"http:\/\/ohrenpropaganda.de\/wp\/wp-json\/wp\/v2\/types\/page"}],"author":[{"embeddable":true,"href":"http:\/\/ohrenpropaganda.de\/wp\/wp-json\/wp\/v2\/users\/1"}],"replies":[{"embeddable":true,"href":"http:\/\/ohrenpropaganda.de\/wp\/wp-json\/wp\/v2\/comments?post=263"}],"version-history":[{"count":0,"href":"http:\/\/ohrenpropaganda.de\/wp\/wp-json\/wp\/v2\/pages\/263\/revisions"}],"wp:attachment":[{"href":"http:\/\/ohrenpropaganda.de\/wp\/wp-json\/wp\/v2\/media?parent=263"}],"curies":[{"name":"wp","href":"https:\/\/api.w.org\/{rel}","templated":true}]}}